{"id":11970,"date":"2024-11-24T12:34:24","date_gmt":"2024-11-24T15:34:24","guid":{"rendered":"https:\/\/oleomontreal.com.br\/?post_type=product&#038;p=11970"},"modified":"2025-08-07T15:51:58","modified_gmt":"2025-08-07T18:51:58","slug":"polyolester-46-grau-alimenticio","status":"publish","type":"product","link":"https:\/\/oleomontreal.com.br\/en\/produto\/polyolester-46-grau-alimenticio\/","title":{"rendered":"Polyolester 46 &#8211; Grau Aliment\u00edcio"},"content":{"rendered":"<div class=\"mb-5\">\n<p>POE 46 (Polyolester) &#8211; Grau Aliment\u00edcio<br \/>\nLubrificante desenvolvido especialmente para compressores de refrigera\u00e7\u00e3o. Recomendado para aplica\u00e7\u00f5es em sistemas dom\u00e9sticos, comerciais e de ar-condicionado que utilizam gases refrigerantes do tipo HFC ou CO2.<\/p>\n<p>Formulado com aditivos e \u00f3leos b\u00e1sicos registrados no FDA e na NSF. Possui registro NSF H1 e atende ao T\u00edtulo 21 CFR 178.3570 da FDA (EUA), o que permite seu uso em situa\u00e7\u00f5es de poss\u00edvel contato acidental com alimentos.<\/p>\n<p>Caracter\u00edsticas do produto:<br \/>\n\u2022 Estabilidade t\u00e9rmica em altas temperaturas<br \/>\n\u2022 Propriedades antidesgaste<br \/>\n\u2022 Alto \u00edndice de viscosidade, livre de parafinas<br \/>\n\u2022 Dispon\u00edvel em diferentes graus de viscosidade para diversos tipos de equipamentos<br \/>\n\u2022 Compat\u00edvel com gases refrigerantes do tipo HFC<br \/>\n\u2022 Boa performance em diferentes condi\u00e7\u00f5es de temperatura e press\u00e3o<br \/>\n\u2022 Registro NSF H1, ideal para uso em ind\u00fastrias de alimentos e bebidas<br \/>\n\u2022 Adequado para ambientes que seguem padr\u00f5es Kosher e Halal<br \/>\n\u2022 Produzido em ind\u00fastria certificada ISO 9001<br \/>\n\u2022 Compat\u00edvel com materiais vedantes, reduzindo o risco de vazamentos<\/p>\n<p><img class=\"alignnone wp-image-1875 size-thumbnail\" src=\"https:\/\/oleomontreal.com.br\/wp-content\/uploads\/2024\/10\/NSF-montreal-150x150.png\" alt=\"\" width=\"150\" height=\"150\" srcset=\"https:\/\/oleomontreal.com.br\/wp-content\/uploads\/2024\/10\/NSF-montreal-150x150.png 150w, https:\/\/oleomontreal.com.br\/wp-content\/uploads\/2024\/10\/NSF-montreal-300x300.png 300w, https:\/\/oleomontreal.com.br\/wp-content\/uploads\/2024\/10\/NSF-montreal-180x180.png 180w, https:\/\/oleomontreal.com.br\/wp-content\/uploads\/2024\/10\/NSF-montreal-256x256.png 256w, https:\/\/oleomontreal.com.br\/wp-content\/uploads\/2024\/10\/NSF-montreal.png 400w\" sizes=\"(max-width: 150px) 100vw, 150px\" \/><img class=\"alignnone wp-image-1876 size-thumbnail\" src=\"https:\/\/oleomontreal.com.br\/wp-content\/uploads\/2024\/10\/halal-montreal-150x150.png\" alt=\"\" width=\"150\" height=\"150\" srcset=\"https:\/\/oleomontreal.com.br\/wp-content\/uploads\/2024\/10\/halal-montreal-150x150.png 150w, https:\/\/oleomontreal.com.br\/wp-content\/uploads\/2024\/10\/halal-montreal-300x300.png 300w, https:\/\/oleomontreal.com.br\/wp-content\/uploads\/2024\/10\/halal-montreal-180x180.png 180w, https:\/\/oleomontreal.com.br\/wp-content\/uploads\/2024\/10\/halal-montreal-256x256.png 256w, https:\/\/oleomontreal.com.br\/wp-content\/uploads\/2024\/10\/halal-montreal.png 400w\" sizes=\"(max-width: 150px) 100vw, 150px\" \/><img class=\"alignnone wp-image-14388\" src=\"https:\/\/oleomontreal.com.br\/wp-content\/uploads\/2025\/02\/Kosher-Montreal-300x300.png\" alt=\"\" width=\"152\" height=\"152\" srcset=\"https:\/\/oleomontreal.com.br\/wp-content\/uploads\/2025\/02\/Kosher-Montreal-300x300.png 300w, https:\/\/oleomontreal.com.br\/wp-content\/uploads\/2025\/02\/Kosher-Montreal-180x180.png 180w, https:\/\/oleomontreal.com.br\/wp-content\/uploads\/2025\/02\/Kosher-Montreal-150x150.png 150w, https:\/\/oleomontreal.com.br\/wp-content\/uploads\/2025\/02\/Kosher-Montreal-256x256.png 256w, https:\/\/oleomontreal.com.br\/wp-content\/uploads\/2025\/02\/Kosher-Montreal.png 400w\" sizes=\"(max-width: 152px) 100vw, 152px\" \/><\/p>\n<\/div>\n<p>&nbsp;<\/p>\n","protected":false},"excerpt":{"rendered":"<p>POE 46 (Polyolester) &#8211; Grau Aliment\u00edcio<br \/>\nLubrificante desenvolvido especialmente para compressores de refrigera\u00e7\u00e3o. Recomendado para aplica\u00e7\u00f5es em sistemas dom\u00e9sticos, comerciais e de ar-condicionado que utilizam gases refrigerantes do tipo HFC ou CO2.<\/p>\n","protected":false},"featured_media":14147,"comment_status":"open","ping_status":"closed","template":"","meta":{"_acf_changed":false},"product_brand":[],"product_cat":[273,342],"product_tag":[81],"class_list":{"0":"post-11970","1":"product","2":"type-product","3":"status-publish","4":"has-post-thumbnail","6":"product_cat-grau-alimenticio","7":"product_cat-oleo-polyolester-para-refrigeracao","8":"product_tag-lubrificante","10":"first","11":"instock","12":"taxable","13":"shipping-taxable","14":"purchasable","15":"product-type-variable","16":"has-default-attributes"},"acf":[],"jetpack_sharing_enabled":true,"_links":{"self":[{"href":"https:\/\/oleomontreal.com.br\/en\/wp-json\/wp\/v2\/product\/11970","targetHints":{"allow":["GET"]}}],"collection":[{"href":"https:\/\/oleomontreal.com.br\/en\/wp-json\/wp\/v2\/product"}],"about":[{"href":"https:\/\/oleomontreal.com.br\/en\/wp-json\/wp\/v2\/types\/product"}],"replies":[{"embeddable":true,"href":"https:\/\/oleomontreal.com.br\/en\/wp-json\/wp\/v2\/comments?post=11970"}],"version-history":[{"count":10,"href":"https:\/\/oleomontreal.com.br\/en\/wp-json\/wp\/v2\/product\/11970\/revisions"}],"predecessor-version":[{"id":15025,"href":"https:\/\/oleomontreal.com.br\/en\/wp-json\/wp\/v2\/product\/11970\/revisions\/15025"}],"wp:featuredmedia":[{"embeddable":true,"href":"https:\/\/oleomontreal.com.br\/en\/wp-json\/wp\/v2\/media\/14147"}],"wp:attachment":[{"href":"https:\/\/oleomontreal.com.br\/en\/wp-json\/wp\/v2\/media?parent=11970"}],"wp:term":[{"taxonomy":"product_brand","embeddable":true,"href":"https:\/\/oleomontreal.com.br\/en\/wp-json\/wp\/v2\/product_brand?post=11970"},{"taxonomy":"product_cat","embeddable":true,"href":"https:\/\/oleomontreal.com.br\/en\/wp-json\/wp\/v2\/product_cat?post=11970"},{"taxonomy":"product_tag","embeddable":true,"href":"https:\/\/oleomontreal.com.br\/en\/wp-json\/wp\/v2\/product_tag?post=11970"}],"curies":[{"name":"wp","href":"https:\/\/api.w.org\/{rel}","templated":true}]}}