{"id":15403,"date":"2026-03-12T10:21:14","date_gmt":"2026-03-12T13:21:14","guid":{"rendered":"https:\/\/oleomontreal.com.br\/?post_type=product&#038;p=15403"},"modified":"2026-03-12T10:33:58","modified_gmt":"2026-03-12T13:33:58","slug":"polyolester-iso-vg-10","status":"publish","type":"product","link":"https:\/\/oleomontreal.com.br\/en\/produto\/polyolester-iso-vg-10\/","title":{"rendered":"Polyolester ISO VG 10"},"content":{"rendered":"<div>\n<div>\n<table>\n<tbody>\n<tr>\n<td>\n<div>\n<p>Aplica\u00e7\u00e3o<\/p>\n<\/div>\n<\/td>\n<td>\n<div>\n<p>Desenvolvidos especialmente para compressores inverter, tubo capilar, tra\u00e7ado\/ est\u00e1tico, sendo os compressores: 1\/5 HP, 1\/5 HP+, 1\/4 HP, 1\/4 HP+, 1\/3 HP entre outros. de refrigera\u00e7\u00e3o dom\u00e9sticas entre outras utilidades. Compat\u00edvel com g\u00e1s R134A.<\/p>\n<\/div>\n<\/td>\n<\/tr>\n<tr>\n<td>\n<div>\n<p>Embalagem<\/p>\n<\/div>\n<\/td>\n<td>\n<div>\n<p>600 ml<\/p>\n<\/div>\n<\/td>\n<\/tr>\n<tr>\n<td>\n<div>\n<p>Viscosidades<\/p>\n<\/div>\n<\/td>\n<td>\n<div>\n<p>10 e 22.<\/p>\n<\/div>\n<\/td>\n<\/tr>\n<\/tbody>\n<\/table>\n<div>\n<ul>\n<li>Excelente estabilidade t\u00e9rmica e limpeza do sistema, com menor forma\u00e7\u00e3o de res\u00edduos no evaporador.<\/li>\n<li>Alta fluidez em baixas temperaturas, sem parafinas, evitando dep\u00f3sitos e garantindo melhor desempenho do evaporador.<\/li>\n<\/ul>\n<\/div>\n<div>\n<div>\n<p>Desenvolvidos para compressores de refrigera\u00e7\u00e3o que utilizam gases refrigerantes HFC (R-134a). Produzidos com Polyolester (POE) sintetizado e aditivos especiais, garantem excelente lubrifica\u00e7\u00e3o, estabilidade t\u00e9rmica e qu\u00edmica, al\u00e9m de prote\u00e7\u00e3o superior contra desgaste.<\/p>\n<\/div>\n<\/div>\n<\/div>\n<\/div>\n","protected":false},"excerpt":{"rendered":"<p>\u00d3leo Lubrificante para compressor<br \/>\nMONTREAL POLYOLESTER ISO VS 10<\/p>\n","protected":false},"featured_media":15405,"comment_status":"open","ping_status":"closed","template":"","meta":{"_acf_changed":false},"product_brand":[],"product_cat":[78],"product_tag":[81],"class_list":{"0":"post-15403","1":"product","2":"type-product","3":"status-publish","4":"has-post-thumbnail","6":"product_cat-compressor-de-ar","7":"product_tag-lubrificante","9":"first","10":"instock","11":"taxable","12":"shipping-taxable","13":"purchasable","14":"product-type-variable"},"acf":[],"jetpack_sharing_enabled":true,"_links":{"self":[{"href":"https:\/\/oleomontreal.com.br\/en\/wp-json\/wp\/v2\/product\/15403","targetHints":{"allow":["GET"]}}],"collection":[{"href":"https:\/\/oleomontreal.com.br\/en\/wp-json\/wp\/v2\/product"}],"about":[{"href":"https:\/\/oleomontreal.com.br\/en\/wp-json\/wp\/v2\/types\/product"}],"replies":[{"embeddable":true,"href":"https:\/\/oleomontreal.com.br\/en\/wp-json\/wp\/v2\/comments?post=15403"}],"version-history":[{"count":3,"href":"https:\/\/oleomontreal.com.br\/en\/wp-json\/wp\/v2\/product\/15403\/revisions"}],"predecessor-version":[{"id":15418,"href":"https:\/\/oleomontreal.com.br\/en\/wp-json\/wp\/v2\/product\/15403\/revisions\/15418"}],"wp:featuredmedia":[{"embeddable":true,"href":"https:\/\/oleomontreal.com.br\/en\/wp-json\/wp\/v2\/media\/15405"}],"wp:attachment":[{"href":"https:\/\/oleomontreal.com.br\/en\/wp-json\/wp\/v2\/media?parent=15403"}],"wp:term":[{"taxonomy":"product_brand","embeddable":true,"href":"https:\/\/oleomontreal.com.br\/en\/wp-json\/wp\/v2\/product_brand?post=15403"},{"taxonomy":"product_cat","embeddable":true,"href":"https:\/\/oleomontreal.com.br\/en\/wp-json\/wp\/v2\/product_cat?post=15403"},{"taxonomy":"product_tag","embeddable":true,"href":"https:\/\/oleomontreal.com.br\/en\/wp-json\/wp\/v2\/product_tag?post=15403"}],"curies":[{"name":"wp","href":"https:\/\/api.w.org\/{rel}","templated":true}]}}