{"id":12879,"date":"2024-12-13T19:11:55","date_gmt":"2024-12-13T22:11:55","guid":{"rendered":"https:\/\/oleomontreal.com.br\/?post_type=product&#038;p=12879"},"modified":"2025-08-07T12:52:21","modified_gmt":"2025-08-07T15:52:21","slug":"raros-68-lubrificantes-de-alta-qualidade-para-compressores-de-ar","status":"publish","type":"product","link":"https:\/\/oleomontreal.com.br\/es\/produto\/raros-68-lubrificantes-de-alta-qualidade-para-compressores-de-ar\/","title":{"rendered":"Raros 68 &#8211; Lubrificantes de Alta Qualidade para Compressores de Ar"},"content":{"rendered":"<p><strong>\u00d3leo Lubrificante para compressor de pist\u00e3o<\/strong><br \/>\n<strong>MONTREAL RAROS IS0 VG 68<\/strong><\/p>\n<p>A S\u00e9rie \u00d3leo Montreal Raros, \u00e9 uma linha de lubrificantes sem cinzas de alto desempenho para compressor de ar, que s\u00e3o projetados para atender aos rigorosos requisitos dos principais fabricantes desse tipo de equipamento. S\u00e3o formulado com \u00f3leos b\u00e1sicos minerais de alta qualidade, eles incorporam uma pacote de aditivos super especiais projetado para melhorar a caracter\u00edstica EP do compressor, tem uma super prote\u00e7\u00e3o de anti-desgaste, prote\u00e7\u00e3o contra corros\u00e3o e ferrugem e uma resist\u00eancia fant\u00e1stica \u00e0 espuma sem preju\u00edzo aos atributos de \u00f3leos b\u00e1sicos de mineral.<\/p>\n<p>A S\u00e9rie \u00d3leos Montreal Raros esta dispon\u00edveis nas Viscosidade IS0 VG 46, 68, 100, 150 que \u00e9 recomentado para sistema de Compressor de ar, tipo \u00cambolo (Pist\u00e3o), Parafuso e Rotativo.<\/p>\n<p><strong>APLICA\u00c7\u00c3O<\/strong><br \/>\nCompressores Pist\u00e3o, Parafuso e Rotativo.<br \/>\nEles s\u00e3o recomendados C\u00e1rteres e cilindros de compressores de ar alternativos, compressores de parafuso rotativo, compressores de palheta rotativas, compressores axiais e centr\u00edfugos, sistema de compressores com engrenagens e mancais cr\u00edticos e compressores usados em aplica\u00e7\u00f5es estacion\u00e1rias moveis.<\/p>\n<p>Observa\u00e7\u00e3o: A S\u00e9rie \u00d3leos Montreal Raros N\u00e3o s\u00e3o destinados ou recomendados para uso em compressores de Ar para aplica\u00e7\u00e3o respirat\u00f3rias<\/p>\n<p>&nbsp;<\/p>\n","protected":false},"excerpt":{"rendered":"<p>\u00d3leo Lubrificante para compressor de pist\u00e3o<br \/>\nMONTREAL RAROS IS0 VG 68<\/p>\n","protected":false},"featured_media":13834,"comment_status":"open","ping_status":"closed","template":"","meta":{"_acf_changed":false},"product_brand":[],"product_cat":[78],"product_tag":[81],"class_list":{"0":"post-12879","1":"product","2":"type-product","3":"status-publish","4":"has-post-thumbnail","6":"product_cat-compressor-de-ar","7":"product_tag-lubrificante","9":"first","10":"instock","11":"taxable","12":"shipping-taxable","13":"purchasable","14":"product-type-variable","15":"has-default-attributes"},"acf":[],"jetpack_sharing_enabled":true,"_links":{"self":[{"href":"https:\/\/oleomontreal.com.br\/es\/wp-json\/wp\/v2\/product\/12879","targetHints":{"allow":["GET"]}}],"collection":[{"href":"https:\/\/oleomontreal.com.br\/es\/wp-json\/wp\/v2\/product"}],"about":[{"href":"https:\/\/oleomontreal.com.br\/es\/wp-json\/wp\/v2\/types\/product"}],"replies":[{"embeddable":true,"href":"https:\/\/oleomontreal.com.br\/es\/wp-json\/wp\/v2\/comments?post=12879"}],"version-history":[{"count":4,"href":"https:\/\/oleomontreal.com.br\/es\/wp-json\/wp\/v2\/product\/12879\/revisions"}],"predecessor-version":[{"id":14992,"href":"https:\/\/oleomontreal.com.br\/es\/wp-json\/wp\/v2\/product\/12879\/revisions\/14992"}],"wp:featuredmedia":[{"embeddable":true,"href":"https:\/\/oleomontreal.com.br\/es\/wp-json\/wp\/v2\/media\/13834"}],"wp:attachment":[{"href":"https:\/\/oleomontreal.com.br\/es\/wp-json\/wp\/v2\/media?parent=12879"}],"wp:term":[{"taxonomy":"product_brand","embeddable":true,"href":"https:\/\/oleomontreal.com.br\/es\/wp-json\/wp\/v2\/product_brand?post=12879"},{"taxonomy":"product_cat","embeddable":true,"href":"https:\/\/oleomontreal.com.br\/es\/wp-json\/wp\/v2\/product_cat?post=12879"},{"taxonomy":"product_tag","embeddable":true,"href":"https:\/\/oleomontreal.com.br\/es\/wp-json\/wp\/v2\/product_tag?post=12879"}],"curies":[{"name":"wp","href":"https:\/\/api.w.org\/{rel}","templated":true}]}}