{"id":12958,"date":"2024-12-14T13:51:54","date_gmt":"2024-12-14T16:51:54","guid":{"rendered":"https:\/\/oleomontreal.com.br\/?post_type=product&#038;p=12958"},"modified":"2025-08-07T15:31:16","modified_gmt":"2025-08-07T18:31:16","slug":"fator-68","status":"publish","type":"product","link":"https:\/\/oleomontreal.com.br\/es\/produto\/fator-68\/","title":{"rendered":"Fator 68"},"content":{"rendered":"<p><strong>Capela Fator 68<\/strong><\/p>\n<p>Lubrificante 100% mineral naft\u00eanicos de alta performance para compressores de refrigera\u00e7\u00e3o.<br \/>\nISO VG 68<\/p>\n<p><strong>Aplica\u00e7\u00e3o<\/strong><br \/>\nDesenvolvido para a utiliza\u00e7\u00e3o em compressores que utilizam gases refrigerantes como:<\/p>\n<p>Gases: R-22, R-401A, R-409A, R600, R-502 entre outros CFC ou HCFC.<\/p>\n<p><strong>Caracter\u00edsticas<\/strong><br \/>\n\u2022 Foi desenvolvido para equipamentos de refrigera\u00e7\u00e3o.<br \/>\n\u2022 Baixo teor de parafinas.<br \/>\n\u2022 Excelente fluidez em baixa temperaturas e otimiza\u00e7\u00e3o da transfer\u00eancia de calor no evaporador.<br \/>\n\u2022 Boa estabilidade qu\u00edmica, maior vida \u00fatil e menos parada programada.<br \/>\n\u2022 \u00d3leo lubrificante multiuso.<\/p>\n","protected":false},"excerpt":{"rendered":"<p>Capela Fator 68<\/p>\n<p>Lubrificante 100% mineral naft\u00eanicos de alta performance para compressores de refrigera\u00e7\u00e3o.<br \/>\nISO VG 68<\/p>\n","protected":false},"featured_media":13809,"comment_status":"open","ping_status":"closed","template":"","meta":{"_acf_changed":false},"product_brand":[],"product_cat":[343],"product_tag":[81],"class_list":{"0":"post-12958","1":"product","2":"type-product","3":"status-publish","4":"has-post-thumbnail","6":"product_cat-mineral-para-refrigeracao","7":"product_tag-lubrificante","9":"first","10":"instock","11":"taxable","12":"shipping-taxable","13":"purchasable","14":"product-type-variable","15":"has-default-attributes"},"acf":[],"jetpack_sharing_enabled":true,"_links":{"self":[{"href":"https:\/\/oleomontreal.com.br\/es\/wp-json\/wp\/v2\/product\/12958","targetHints":{"allow":["GET"]}}],"collection":[{"href":"https:\/\/oleomontreal.com.br\/es\/wp-json\/wp\/v2\/product"}],"about":[{"href":"https:\/\/oleomontreal.com.br\/es\/wp-json\/wp\/v2\/types\/product"}],"replies":[{"embeddable":true,"href":"https:\/\/oleomontreal.com.br\/es\/wp-json\/wp\/v2\/comments?post=12958"}],"version-history":[{"count":5,"href":"https:\/\/oleomontreal.com.br\/es\/wp-json\/wp\/v2\/product\/12958\/revisions"}],"predecessor-version":[{"id":14982,"href":"https:\/\/oleomontreal.com.br\/es\/wp-json\/wp\/v2\/product\/12958\/revisions\/14982"}],"wp:featuredmedia":[{"embeddable":true,"href":"https:\/\/oleomontreal.com.br\/es\/wp-json\/wp\/v2\/media\/13809"}],"wp:attachment":[{"href":"https:\/\/oleomontreal.com.br\/es\/wp-json\/wp\/v2\/media?parent=12958"}],"wp:term":[{"taxonomy":"product_brand","embeddable":true,"href":"https:\/\/oleomontreal.com.br\/es\/wp-json\/wp\/v2\/product_brand?post=12958"},{"taxonomy":"product_cat","embeddable":true,"href":"https:\/\/oleomontreal.com.br\/es\/wp-json\/wp\/v2\/product_cat?post=12958"},{"taxonomy":"product_tag","embeddable":true,"href":"https:\/\/oleomontreal.com.br\/es\/wp-json\/wp\/v2\/product_tag?post=12958"}],"curies":[{"name":"wp","href":"https:\/\/api.w.org\/{rel}","templated":true}]}}